{"id":39,"date":"2017-08-24T16:00:50","date_gmt":"2017-08-24T19:00:50","guid":{"rendered":"http:\/\/mayosconfeccoes.com.br\/site\/?page_id=39"},"modified":"2018-04-10T10:40:18","modified_gmt":"2018-04-10T13:40:18","slug":"clientes","status":"publish","type":"page","link":"https:\/\/mayosconfeccoes.com.br\/site\/clientes\/","title":{"rendered":"Clientes"},"content":{"rendered":"<ul id=\"listaclientes\">\n<li><img decoding=\"async\" src=\"http:\/\/mayosconfeccoes.com.br\/img\/05.jpg\" \/>ARCOR do\\Brasil<\/li>\n<li><img decoding=\"async\" src=\"http:\/\/mayosconfeccoes.com.br\/img\/06.jpg\" \/>Buffet Colonial<\/li>\n<li><img decoding=\"async\" src=\"http:\/\/mayosconfeccoes.com.br\/img\/CLINICA-VIDA-BEM-VINDA.jpg\" \/>CLINICA VIDA BEM VINDA<\/li>\n<li><img decoding=\"async\" src=\"http:\/\/mayosconfeccoes.com.br\/img\/09.jpg\" \/>Ferticlin Cl\u00ednica de Reprodu\u00e7\u00e3o e Fertilidade<\/li>\n<li><img decoding=\"async\" src=\"http:\/\/mayosconfeccoes.com.br\/img\/GRUPO-NK.jpg\" \/>GRUPO NK<\/li>\n<li><img decoding=\"async\" src=\"http:\/\/mayosconfeccoes.com.br\/img\/17.jpg\" \/>Hospital Nipo &#8211; Brasileiro<\/li>\n<li><img decoding=\"async\" src=\"http:\/\/mayosconfeccoes.com.br\/img\/HOSPITAL-VIDAS.jpg\" \/>HOSPITAL VIDAS<\/li>\n<li><img decoding=\"async\" src=\"http:\/\/mayosconfeccoes.com.br\/img\/HOSPITAL-HSBC.jpg\" \/>HOSPITAL HSBC<\/li>\n<li><img decoding=\"async\" src=\"http:\/\/mayosconfeccoes.com.br\/img\/27.jpg\" \/>Hideko Honma Ceramista<\/li>\n<li><img decoding=\"async\" src=\"http:\/\/mayosconfeccoes.com.br\/img\/NATURAL-ART-HORTIFRUTI.jpg\" \/>NATURAL ART HORTIFRUTI<\/li>\n<li><img decoding=\"async\" src=\"http:\/\/mayosconfeccoes.com.br\/img\/neoformar.jpg\" \/>NEOFORMAR<\/li>\n<li><img decoding=\"async\" src=\"http:\/\/mayosconfeccoes.com.br\/img\/13.jpg\" \/>PL Golf Club<\/li>\n<li><img decoding=\"async\" src=\"http:\/\/mayosconfeccoes.com.br\/img\/02.jpg\" \/>Restaurante Varanda Grill<\/li>\n<li><img decoding=\"async\" src=\"http:\/\/mayosconfeccoes.com.br\/img\/12.jpg\" \/>Restaurante Galeto\u00b4s<\/li>\n<li><img decoding=\"async\" src=\"http:\/\/mayosconfeccoes.com.br\/img\/22.jpg\" \/>Restaurante Aizom\u00ea<\/li>\n<li><img decoding=\"async\" src=\"http:\/\/mayosconfeccoes.com.br\/img\/20.jpg\" \/>Rei da Cutelaria<\/li>\n<li><img decoding=\"async\" src=\"http:\/\/mayosconfeccoes.com.br\/img\/RESTAURENTE-CHAPLIN.jpg\" \/>RESTAURENTE CHAPLIN<\/li>\n<li><img decoding=\"async\" src=\"http:\/\/mayosconfeccoes.com.br\/img\/sacolao-saude.jpg\" \/>SACOL\u00c3O SA\u00daDE<\/li>\n<li><img decoding=\"async\" src=\"http:\/\/mayosconfeccoes.com.br\/img\/SACOLAO-DA-SANTA.jpg\" \/>SACOL\u00c3O DA SANTA<\/li>\n<\/ul>\n","protected":false},"excerpt":{"rendered":"<p>ARCOR do\\Brasil Buffet Colonial CLINICA VIDA BEM VINDA Ferticlin Cl\u00ednica de Reprodu\u00e7\u00e3o e Fertilidade GRUPO NK Hospital Nipo &#8211; Brasileiro HOSPITAL VIDAS HOSPITAL HSBC Hideko Honma Ceramista NATURAL ART HORTIFRUTI NEOFORMAR PL Golf Club Restaurante Varanda Grill Restaurante Galeto\u00b4s Restaurante Aizom\u00ea Rei da Cutelaria RESTAURENTE CHAPLIN SACOL\u00c3O SA\u00daDE SACOL\u00c3O DA SANTA<\/p>\n","protected":false},"author":1,"featured_media":0,"parent":0,"menu_order":0,"comment_status":"closed","ping_status":"closed","template":"","meta":[],"_links":{"self":[{"href":"https:\/\/mayosconfeccoes.com.br\/site\/wp-json\/wp\/v2\/pages\/39"}],"collection":[{"href":"https:\/\/mayosconfeccoes.com.br\/site\/wp-json\/wp\/v2\/pages"}],"about":[{"href":"https:\/\/mayosconfeccoes.com.br\/site\/wp-json\/wp\/v2\/types\/page"}],"author":[{"embeddable":true,"href":"https:\/\/mayosconfeccoes.com.br\/site\/wp-json\/wp\/v2\/users\/1"}],"replies":[{"embeddable":true,"href":"https:\/\/mayosconfeccoes.com.br\/site\/wp-json\/wp\/v2\/comments?post=39"}],"version-history":[{"count":5,"href":"https:\/\/mayosconfeccoes.com.br\/site\/wp-json\/wp\/v2\/pages\/39\/revisions"}],"predecessor-version":[{"id":128,"href":"https:\/\/mayosconfeccoes.com.br\/site\/wp-json\/wp\/v2\/pages\/39\/revisions\/128"}],"wp:attachment":[{"href":"https:\/\/mayosconfeccoes.com.br\/site\/wp-json\/wp\/v2\/media?parent=39"}],"curies":[{"name":"wp","href":"https:\/\/api.w.org\/{rel}","templated":true}]}}