{"id":169,"date":"2023-04-25T10:21:40","date_gmt":"2023-04-25T13:21:40","guid":{"rendered":"http:\/\/mayosconfeccoes.com.br\/site\/?page_id=169"},"modified":"2023-04-25T10:21:40","modified_gmt":"2023-04-25T13:21:40","slug":"cuidados","status":"publish","type":"page","link":"https:\/\/mayosconfeccoes.com.br\/site\/cuidados\/","title":{"rendered":"Cuidados"},"content":{"rendered":"<h3>Principais cuidados na hora de lavar o uniforme da empresa!<\/h3>\n<p>O uniforme \u00e9 uma forma de comunica\u00e7\u00e3o da empresa com os seus diferentes p\u00fablicos. Eles transmitem confian\u00e7a, profissionalismo, padroniza\u00e7\u00e3o e higiene. Se voc\u00ea trabalha em algum lugar em que s\u00e3o obrigat\u00f3rios, \u00e9 preciso tomar alguns cuidados para manter eles em perfeito estado e preservar a durabilidade.<\/p>\n<p>Pensando nisso, preparamos algumas dicas para ajudar voc\u00ea na hora de lavar, secar e passar o seu uniforme, confira!<\/p>\n<p><strong>1. Na hora de lavar na m\u00e1quina:\u00a0<\/strong>Lembre-se sempre de separar as roupas de cores claras e escuras. Elas devem ser levadas separadamente para que as roupas brancas preservem a sua cor por mais tempo.<\/p>\n<p>Al\u00e9m disso, se houver pe\u00e7as delicadas, lave-as dentro de uma rede ou fronha. Assim elas sofrem menos danos e v\u00e3o durar por muito mais tempo. Outro cuidado necess\u00e1rio \u00e9 com os tipos de tecido, roupas de algod\u00e3o n\u00e3o devem ser lavadas com \u00e1gua quente, pois elas encolhem. J\u00e1 se as roupas forem de tecido Acetato, Rayon e Viscose, elas n\u00e3o devem ser centrifugadas pois podem sofrer deforma\u00e7\u00f5es.<\/p>\n<p><strong>2.\u00a0Na hora de lavar a m\u00e3o:\u00a0<\/strong>A lavagem a m\u00e3o \u00e9 mais recomendada para pe\u00e7as delicadas. Quando forem pe\u00e7as novas elas precisam ser lavadas separadamente, pois podem soltar tinta nas primeiras lavagens. Sempre lave as pe\u00e7as com \u00e1gua fria, n\u00e3o deixe de molho e evite friccionar muito. N\u00e3o se esque\u00e7a de enxaguar bem.<\/p>\n<p><strong>3.\u00a0Quando for usar alvejante:\u00a0<\/strong>Alvejante \u00e9 sempre uma quest\u00e3o delicada, \u00e9 preciso muito cuidado na sua utiliza\u00e7\u00e3o para n\u00e3o danificar as pe\u00e7as. Opte preferencialmente por produtos \u00e0 base de \u00e1gua oxigenada para reduzir as chances de manchar a roupa. Quando deixar as pe\u00e7as de molho, n\u00e3o deixe por mais de uma hora e nunca alveje em recipientes de ferro ou lat\u00e3o.<\/p>\n<p><strong>4.\u00a0<\/strong><strong>Quando for passar:\u00a0<\/strong>Sempre que for passar uma pe\u00e7a de roupa \u00e9 preciso ficar atento aos tipos de tecido que a comp\u00f5e. Voc\u00ea encontra essa informa\u00e7\u00e3o na etiqueta junto com a temperatura que deve ser utilizada na hora de passar. Os que t\u00eam maior incid\u00eancia de poli\u00e9ster \u00e9 recomendado cobrir a \u00e1rea a ser passada com um tecido de algod\u00e3o (de cor clara) para evitar que a pe\u00e7a queime. Tamb\u00e9m busque fazer uma sele\u00e7\u00e3o pr\u00e9via das pe\u00e7as pela temperatura que elas devem ser passadas e comece pelas mais baixas.<\/p>\n<p><strong>5.\u00a0Na hora de secar:\u00a0<\/strong>Quando for secar suas pe\u00e7as nunca as exponha diretamente ao sol forte, pois isso faz elas desbotarem mais rapidamente. \u00c9 preciso dobrar as pe\u00e7as pesadas e camisetas sobre o varal para que n\u00e3o percam a forma original. Tamb\u00e9m \u00e9 necess\u00e1rio prestar aten\u00e7\u00e3o aos diferentes tipos de tecido, malhas de l\u00e3 devem ser secadas na horizontal e roupas de poli\u00e9ster, elastano, acr\u00edlico e poliamida n\u00e3o podem ir na secadora. Caso for secar as pe\u00e7as dentro de casa, o ideal \u00e9 colocar o varal em uma \u00e1rea de corrente de ar.<\/p>\n<p>Essas s\u00e3o dicas gerais de como cuidar do seu uniforme profissional para manter ele sempre bonito e com cara de novo.<\/p>\n","protected":false},"excerpt":{"rendered":"<p>Principais cuidados na hora de lavar o uniforme da empresa! O uniforme \u00e9 uma forma de comunica\u00e7\u00e3o da empresa com os seus diferentes p\u00fablicos. Eles transmitem confian\u00e7a, profissionalismo, padroniza\u00e7\u00e3o e higiene. Se voc\u00ea trabalha em algum lugar em que s\u00e3o obrigat\u00f3rios, \u00e9 preciso tomar alguns cuidados para manter eles em perfeito estado e preservar a [&hellip;]<\/p>\n","protected":false},"author":1,"featured_media":0,"parent":0,"menu_order":0,"comment_status":"closed","ping_status":"closed","template":"","meta":[],"_links":{"self":[{"href":"https:\/\/mayosconfeccoes.com.br\/site\/wp-json\/wp\/v2\/pages\/169"}],"collection":[{"href":"https:\/\/mayosconfeccoes.com.br\/site\/wp-json\/wp\/v2\/pages"}],"about":[{"href":"https:\/\/mayosconfeccoes.com.br\/site\/wp-json\/wp\/v2\/types\/page"}],"author":[{"embeddable":true,"href":"https:\/\/mayosconfeccoes.com.br\/site\/wp-json\/wp\/v2\/users\/1"}],"replies":[{"embeddable":true,"href":"https:\/\/mayosconfeccoes.com.br\/site\/wp-json\/wp\/v2\/comments?post=169"}],"version-history":[{"count":1,"href":"https:\/\/mayosconfeccoes.com.br\/site\/wp-json\/wp\/v2\/pages\/169\/revisions"}],"predecessor-version":[{"id":170,"href":"https:\/\/mayosconfeccoes.com.br\/site\/wp-json\/wp\/v2\/pages\/169\/revisions\/170"}],"wp:attachment":[{"href":"https:\/\/mayosconfeccoes.com.br\/site\/wp-json\/wp\/v2\/media?parent=169"}],"curies":[{"name":"wp","href":"https:\/\/api.w.org\/{rel}","templated":true}]}}