{"id":15,"date":"2017-08-24T11:52:07","date_gmt":"2017-08-24T14:52:07","guid":{"rendered":"http:\/\/mayosconfeccoes.com.br\/site\/?page_id=15"},"modified":"2023-08-23T15:07:53","modified_gmt":"2023-08-23T18:07:53","slug":"empresa","status":"publish","type":"page","link":"https:\/\/mayosconfeccoes.com.br\/site\/empresa\/","title":{"rendered":"Mayo&#8217;s Confec\u00e7\u00f5es"},"content":{"rendered":"<p>Desde 1990, a MAYO\u00b4S Confec\u00e7\u00f5es, possui servi\u00e7os diferenciados com consultoria de estilo e desenvolvimento de vestu\u00e1rios pilotos, criando uniformes funcionais com design e materiais adequados \u00e0s necessidades das empresas.<\/p>\n<p><strong>Miss\u00e3o<\/strong><\/p>\n<p>Confeccionar uniformes sociais, profissionais e promocionais personalizados e sob medida, valorizando os colaboradores e a imagem das empresas.<\/p>\n<p><strong>Mayo&#8217;s Confec\u00e7\u00f5es<\/strong><br \/>\nAlameda dos Guat\u00e1s, 130 \u2013 Pra\u00e7a da \u00c1rvore &#8211; S\u00e3o Paulo &#8211; SP. CEP: 04053-040<br \/>\nTel: (11)5071-9935 Whatsapp: (11) 98812-6624<br \/>\nEmail: m.yoshihiro@uol.com.br<\/p>\n","protected":false},"excerpt":{"rendered":"<p>Desde 1990, a MAYO\u00b4S Confec\u00e7\u00f5es, possui servi\u00e7os diferenciados com consultoria de estilo e desenvolvimento de vestu\u00e1rios pilotos, criando uniformes funcionais com design e materiais adequados \u00e0s necessidades das empresas. Miss\u00e3o Confeccionar uniformes sociais, profissionais e promocionais personalizados e sob medida, valorizando os colaboradores e a imagem das empresas. Mayo&#8217;s Confec\u00e7\u00f5es Alameda dos Guat\u00e1s, 130 \u2013 [&hellip;]<\/p>\n","protected":false},"author":1,"featured_media":137,"parent":0,"menu_order":0,"comment_status":"closed","ping_status":"closed","template":"","meta":[],"_links":{"self":[{"href":"https:\/\/mayosconfeccoes.com.br\/site\/wp-json\/wp\/v2\/pages\/15"}],"collection":[{"href":"https:\/\/mayosconfeccoes.com.br\/site\/wp-json\/wp\/v2\/pages"}],"about":[{"href":"https:\/\/mayosconfeccoes.com.br\/site\/wp-json\/wp\/v2\/types\/page"}],"author":[{"embeddable":true,"href":"https:\/\/mayosconfeccoes.com.br\/site\/wp-json\/wp\/v2\/users\/1"}],"replies":[{"embeddable":true,"href":"https:\/\/mayosconfeccoes.com.br\/site\/wp-json\/wp\/v2\/comments?post=15"}],"version-history":[{"count":8,"href":"https:\/\/mayosconfeccoes.com.br\/site\/wp-json\/wp\/v2\/pages\/15\/revisions"}],"predecessor-version":[{"id":202,"href":"https:\/\/mayosconfeccoes.com.br\/site\/wp-json\/wp\/v2\/pages\/15\/revisions\/202"}],"wp:featuredmedia":[{"embeddable":true,"href":"https:\/\/mayosconfeccoes.com.br\/site\/wp-json\/wp\/v2\/media\/137"}],"wp:attachment":[{"href":"https:\/\/mayosconfeccoes.com.br\/site\/wp-json\/wp\/v2\/media?parent=15"}],"curies":[{"name":"wp","href":"https:\/\/api.w.org\/{rel}","templated":true}]}}